{"id":374,"date":"2013-01-05T08:28:59","date_gmt":"2013-01-05T08:28:59","guid":{"rendered":"http:\/\/skolehaver.com\/?page_id=374"},"modified":"2014-05-03T09:20:19","modified_gmt":"2014-05-03T09:20:19","slug":"anmeldelser-skolehaver-i-praksis","status":"publish","type":"page","link":"http:\/\/skolehaver.com\/?page_id=374","title":{"rendered":"Anmeldelser"},"content":{"rendered":"<h2><strong>Fagbladet Folkeskolens anmelder Karen Marie Beklar har mange lovord til bogen Skolehaver i praksis af Ulla Skovsb\u00f8l. Bogen er udkommet p\u00e5 forlaget Frydenlund i august 2012.\u00a0<a href=\"http:\/\/folkeskolen.dk\/516668\/skolehaver\" target=\"_blank\">Se anmeldelsen i Folkeskolen<\/a><\/strong><\/h2>\n<div id=\"body-content\">\n<p><em>Karen Marie Beklar \u00a0skriver i sin anmeldelse:<\/em><\/p>\n<div id=\"body-main-content\">\n<p>&#8220;Klimaforandringer og andre milj\u00f8problemer, sundhedsfremme, forskellige l\u00e6ringsstile, inklusion af b\u00f8rn med s\u00e6rlige behov og meget mere. St\u00e5r denne bogs indhold til troende, er r\u00e6kken af p\u00e6dagogiske og dannelsesm\u00e6ssige fortrin ved skolehaver lang. Det vil Ulla Skovsb\u00f8l vise ved at tage l\u00e6seren p\u00e5 en rundtur, b\u00e5de i det didaktiske landskab og i den konkrete verden, hvor hun har set n\u00e6rmere p\u00e5 skolehavekoncepter i Danmark, England, Tyskland og USA.<\/p>\n<p>L\u00e6s mere her:<\/p>\n<p>&nbsp;<\/p>\n<\/div>\n<\/div>\n","protected":false},"excerpt":{"rendered":"<p>Fagbladet Folkeskolens anmelder Karen Marie Beklar har mange lovord til bogen Skolehaver i praksis af Ulla Skovsb\u00f8l. Bogen er udkommet p\u00e5 forlaget Frydenlund i august 2012.\u00a0Se anmeldelsen i Folkeskolen Karen Marie Beklar \u00a0skriver i sin anmeldelse: &#8220;Klimaforandringer og andre milj\u00f8problemer, sundhedsfremme, forskellige l\u00e6ringsstile, inklusion af b\u00f8rn med s\u00e6rlige behov og meget mere. St\u00e5r denne bogs &hellip; <a href=\"http:\/\/skolehaver.com\/?page_id=374\" class=\"more-link\">L\u00e6s videre<span class=\"screen-reader-text\"> &#8220;Anmeldelser&#8221;<\/span><\/a><\/p>\n","protected":false},"author":1,"featured_media":0,"parent":0,"menu_order":3,"comment_status":"open","ping_status":"open","template":"","meta":{"footnotes":""},"class_list":["post-374","page","type-page","status-publish","hentry"],"_links":{"self":[{"href":"http:\/\/skolehaver.com\/index.php?rest_route=\/wp\/v2\/pages\/374","targetHints":{"allow":["GET"]}}],"collection":[{"href":"http:\/\/skolehaver.com\/index.php?rest_route=\/wp\/v2\/pages"}],"about":[{"href":"http:\/\/skolehaver.com\/index.php?rest_route=\/wp\/v2\/types\/page"}],"author":[{"embeddable":true,"href":"http:\/\/skolehaver.com\/index.php?rest_route=\/wp\/v2\/users\/1"}],"replies":[{"embeddable":true,"href":"http:\/\/skolehaver.com\/index.php?rest_route=%2Fwp%2Fv2%2Fcomments&post=374"}],"version-history":[{"count":6,"href":"http:\/\/skolehaver.com\/index.php?rest_route=\/wp\/v2\/pages\/374\/revisions"}],"predecessor-version":[{"id":820,"href":"http:\/\/skolehaver.com\/index.php?rest_route=\/wp\/v2\/pages\/374\/revisions\/820"}],"wp:attachment":[{"href":"http:\/\/skolehaver.com\/index.php?rest_route=%2Fwp%2Fv2%2Fmedia&parent=374"}],"curies":[{"name":"wp","href":"https:\/\/api.w.org\/{rel}","templated":true}]}}