{"id":380,"date":"2013-01-05T08:35:23","date_gmt":"2013-01-05T08:35:23","guid":{"rendered":"http:\/\/skolehaver.com\/?page_id=380"},"modified":"2013-01-05T08:36:24","modified_gmt":"2013-01-05T08:36:24","slug":"begejstret-anmeldelse-i-folkeskolen","status":"publish","type":"page","link":"http:\/\/skolehaver.com\/?page_id=380","title":{"rendered":"Begejstring i &#8220;Folkeskolen&#8221;"},"content":{"rendered":"<h2><strong>Fagbladet Folkeskolens anmelder Karen Marie Beklar har mange lovord til bogen Skolehaver i praksis af Ulla Skovsb\u00f8l. Bogen er udkommet p\u00e5 forlaget Frydenlund i august 2012.\u00a0<a href=\"http:\/\/folkeskolen.dk\/516668\/skolehaver\" target=\"_blank\">Se anmeldelsen i Folkeskolen<\/a><\/strong><\/h2>\n<div id=\"body-content\">\n<p><em>Karen Marie Beklar \u00a0skriver i sin anmeldelse:<\/em><\/p>\n<div id=\"body-main-content\">\n<p>&#8220;Klimaforandringer og andre milj\u00f8problemer, sundhedsfremme, forskellige l\u00e6ringsstile, inklusion af b\u00f8rn med s\u00e6rlige behov og meget mere. St\u00e5r denne bogs indhold til troende, er r\u00e6kken af p\u00e6dagogiske og dannelsesm\u00e6ssige fortrin ved skolehaver lang. Det vil Ulla Skovsb\u00f8l vise ved at tage l\u00e6seren p\u00e5 en rundtur, b\u00e5de i det didaktiske landskab og i den konkrete verden, hvor hun har set n\u00e6rmere p\u00e5 skolehavekoncepter i Danmark, England, Tyskland og USA.<\/p>\n<p>Begejstringen for skolehavetanken er st\u00e6rkt smittende &#8211; og tilsyneladende ogs\u00e5 velbegrundet. Fort\u00e6llingerne om glade b\u00f8rn, der vokser i takt med egne guler\u00f8dder og r\u00f8dbeder, er slet og ret solstr\u00e5lehistorier, levendegjort af den reportageagtige stil, som forfatteren, der har en baggrund som journalist, formidler dem i.<\/p>\n<p><img decoding=\"async\" title=\"Mere...\" alt=\"\" src=\"http:\/\/skolehaver.com\/wp-includes\/js\/tinymce\/plugins\/wordpress\/img\/trans.gif\" \/>Der er nok ikke mange b\u00f8rn, der ikke ville have gl\u00e6de af, at deres undervisning regelm\u00e6ssigt rykker udend\u00f8rs og skabes i sammenh\u00e6ng med den virkelige omverden og natur. Alligevel er der m\u00e5ske en s\u00e6rlig gruppe b\u00f8rn, det er v\u00e6rd at rette blikket mod, n\u00e5r vi taler om l\u00e6ringsudbytte i den rummelige folkeskole. Inklusion st\u00e5r \u00f8verst p\u00e5 agendaen, uanset hvilket niveau af skoleverdenen vi befinder os p\u00e5 lige nu, og skolehaver synes at v\u00e6re et godt bud p\u00e5, hvordan man tilgodeser b\u00f8rn med s\u00e6rlige eller begr\u00e6nsede foruds\u00e6tninger for at deltage i den almindelige undervisning.<\/p>\n<p>S\u00e5 hvorfor kommer der ikke bare flere skolehaver i brug? Det er der ikke et entydigt svar p\u00e5, men bogens kapitel 1, der giver et historisk rids af skolehavernes historie i Danmark, peger p\u00e5 forskellige forhold, der har v\u00e6ret bestemmende for skolehavetankens udbredelse gennem de seneste 100 \u00e5r. Det sandsynligg\u00f8res samtidig, at nutidens \u00f8gede bevidsthed om kropskultur, friluftsliv og \u00f8kologi vil give skolehavebev\u00e6gelsen vind i sejlene de kommende \u00e5r.<\/p>\n<p>Bogen kan anbefales til alle, der tilslutter sig denne udvikling og m\u00e5ske lokalt vil st\u00e5 i spidsen for nye skolehaveprojekter. De konkrete beskrivelser i bogen tilbyder masser af inspiration til, hvordan dette kan gribes an i praksis. Endvidere opsummerer bogens sidste kapitel mere generelt de p\u00e6dagogiske muligheder og udfordringer i skolehaven og viser en forbindelse herfra og til F\u00e6lles M\u00e5l for fagene natur\/teknik og hjemkundskab. Her anf\u00f8res det ogs\u00e5, at mange andre af folkeskolens fag kan flyttes ud i skolehaven. Skal jeg pege p\u00e5 en mangel ved bogen, m\u00e5 det v\u00e6re, at ikke ogs\u00e5 disse fags F\u00e6lles M\u00e5l er fremh\u00e6vet og sat i forbindelse med de p\u00e6dagogiske muligheder. Men den opgave kan en innovativ fagl\u00e6rer nok ogs\u00e5 selv klare.&#8221;<\/p>\n<p>&nbsp;<\/p>\n<\/div>\n<\/div>\n","protected":false},"excerpt":{"rendered":"<p>Fagbladet Folkeskolens anmelder Karen Marie Beklar har mange lovord til bogen Skolehaver i praksis af Ulla Skovsb\u00f8l. Bogen er udkommet p\u00e5 forlaget Frydenlund i august 2012.\u00a0Se anmeldelsen i Folkeskolen Karen Marie Beklar \u00a0skriver i sin anmeldelse: &#8220;Klimaforandringer og andre milj\u00f8problemer, sundhedsfremme, forskellige l\u00e6ringsstile, inklusion af b\u00f8rn med s\u00e6rlige behov og meget mere. St\u00e5r denne bogs &hellip; <a href=\"http:\/\/skolehaver.com\/?page_id=380\" class=\"more-link\">L\u00e6s videre<span class=\"screen-reader-text\"> &#8220;Begejstring i &#8220;Folkeskolen&#8221;&#8221;<\/span><\/a><\/p>\n","protected":false},"author":1,"featured_media":0,"parent":374,"menu_order":0,"comment_status":"open","ping_status":"open","template":"","meta":{"footnotes":""},"class_list":["post-380","page","type-page","status-publish","hentry"],"_links":{"self":[{"href":"http:\/\/skolehaver.com\/index.php?rest_route=\/wp\/v2\/pages\/380","targetHints":{"allow":["GET"]}}],"collection":[{"href":"http:\/\/skolehaver.com\/index.php?rest_route=\/wp\/v2\/pages"}],"about":[{"href":"http:\/\/skolehaver.com\/index.php?rest_route=\/wp\/v2\/types\/page"}],"author":[{"embeddable":true,"href":"http:\/\/skolehaver.com\/index.php?rest_route=\/wp\/v2\/users\/1"}],"replies":[{"embeddable":true,"href":"http:\/\/skolehaver.com\/index.php?rest_route=%2Fwp%2Fv2%2Fcomments&post=380"}],"version-history":[{"count":2,"href":"http:\/\/skolehaver.com\/index.php?rest_route=\/wp\/v2\/pages\/380\/revisions"}],"predecessor-version":[{"id":382,"href":"http:\/\/skolehaver.com\/index.php?rest_route=\/wp\/v2\/pages\/380\/revisions\/382"}],"up":[{"embeddable":true,"href":"http:\/\/skolehaver.com\/index.php?rest_route=\/wp\/v2\/pages\/374"}],"wp:attachment":[{"href":"http:\/\/skolehaver.com\/index.php?rest_route=%2Fwp%2Fv2%2Fmedia&parent=380"}],"curies":[{"name":"wp","href":"https:\/\/api.w.org\/{rel}","templated":true}]}}