{"id":384,"date":"2013-01-05T08:38:35","date_gmt":"2013-01-05T08:38:35","guid":{"rendered":"http:\/\/skolehaver.com\/?page_id=384"},"modified":"2013-01-05T08:38:59","modified_gmt":"2013-01-05T08:38:59","slug":"god-lektorudtalelse","status":"publish","type":"page","link":"http:\/\/skolehaver.com\/?page_id=384","title":{"rendered":"Flot lekt\u00f8rudtalelse"},"content":{"rendered":"<p>Bogen &#8220;<em>Skolehaver i praksis&#8221;<\/em>\u00a0af Ulla Skovsb\u00f8l udgivet p\u00e5 Forlaget Frydenlund i 2012 f\u00e5r en s\u00e6rdeles positiv modtagelse af Danmarks Bibliotekscenters lekt\u00f8r\u00a0Poul Wibbert Esberg. Han skriver om bogen:<\/p>\n<p>&#8220;I et levende og causerende sprog beskrives nogle af de f\u00e5 skolehaver og\u00a0 -projekter, som er i gang i Danmark samt nogle af de mange haver, som findes i London, Berlin og Californien. De er organiserede p\u00e5 vidt forskellig vis. Bogens tese er, at skolehaver har en b\u00e5de motiverende effekt p\u00e5 indl\u00e6ringen generelt, kan fremme inklusion af lidt sk\u00e6ve b\u00f8rn og give mulighed for meget tv\u00e6rfagligt arbejde. Der er et lignende historisk afsnit, og selv de teoretiske afsnit om bl.a. l\u00e6ringsstile, p\u00e6dagogiske m\u00e5l og udfordringer er holdt i et befriende letl\u00e6st sprog. Billedmaterielaet, de supplerende og summerende tekstbokse er glimrende, s\u00e5 man virkelig f\u00f8ler sig inspireret til at g\u00e5 i gang. Der er ogs\u00e5 et godt lille noteapparat.<\/p>\n<p><strong>Sammenligning<\/strong>: Der er ikke ny litteratur om emnet for m\u00e5lgruppen, kun i form af pjecer. Der findes b\u00f8ger for b\u00f8rn om skolehaver fx &#8220;Haven til maven: naturen p\u00e5 din tallerken fra 2009.&#8221;<\/p>\n<p><strong>Samlet konklusion<\/strong>. En glimrende bog, som er lige til at g\u00e5 til og f\u00e5 inspiration fra.&#8221;<\/p>\n<p><em>Lekt\u00f8r Poul Wibbert Esberg<\/em><\/p>\n<p><a href=\"http:\/\/skolehaver.com\/wp-content\/uploads\/2012\/09\/Let\u00f8rudtalelse_Skolehaver1.pdf\">L\u00e6s lekt\u00f8rudtalelsen her<\/a><\/p>\n<p>&nbsp;<\/p>\n","protected":false},"excerpt":{"rendered":"<p>Bogen &#8220;Skolehaver i praksis&#8221;\u00a0af Ulla Skovsb\u00f8l udgivet p\u00e5 Forlaget Frydenlund i 2012 f\u00e5r en s\u00e6rdeles positiv modtagelse af Danmarks Bibliotekscenters lekt\u00f8r\u00a0Poul Wibbert Esberg. Han skriver om bogen: &#8220;I et levende og causerende sprog beskrives nogle af de f\u00e5 skolehaver og\u00a0 -projekter, som er i gang i Danmark samt nogle af de mange haver, som findes &hellip; <a href=\"http:\/\/skolehaver.com\/?page_id=384\" class=\"more-link\">L\u00e6s videre<span class=\"screen-reader-text\"> &#8220;Flot lekt\u00f8rudtalelse&#8221;<\/span><\/a><\/p>\n","protected":false},"author":1,"featured_media":0,"parent":374,"menu_order":0,"comment_status":"open","ping_status":"open","template":"","meta":{"footnotes":""},"class_list":["post-384","page","type-page","status-publish","hentry"],"_links":{"self":[{"href":"http:\/\/skolehaver.com\/index.php?rest_route=\/wp\/v2\/pages\/384","targetHints":{"allow":["GET"]}}],"collection":[{"href":"http:\/\/skolehaver.com\/index.php?rest_route=\/wp\/v2\/pages"}],"about":[{"href":"http:\/\/skolehaver.com\/index.php?rest_route=\/wp\/v2\/types\/page"}],"author":[{"embeddable":true,"href":"http:\/\/skolehaver.com\/index.php?rest_route=\/wp\/v2\/users\/1"}],"replies":[{"embeddable":true,"href":"http:\/\/skolehaver.com\/index.php?rest_route=%2Fwp%2Fv2%2Fcomments&post=384"}],"version-history":[{"count":2,"href":"http:\/\/skolehaver.com\/index.php?rest_route=\/wp\/v2\/pages\/384\/revisions"}],"predecessor-version":[{"id":386,"href":"http:\/\/skolehaver.com\/index.php?rest_route=\/wp\/v2\/pages\/384\/revisions\/386"}],"up":[{"embeddable":true,"href":"http:\/\/skolehaver.com\/index.php?rest_route=\/wp\/v2\/pages\/374"}],"wp:attachment":[{"href":"http:\/\/skolehaver.com\/index.php?rest_route=%2Fwp%2Fv2%2Fmedia&parent=384"}],"curies":[{"name":"wp","href":"https:\/\/api.w.org\/{rel}","templated":true}]}}