{"id":595,"date":"2014-01-12T17:16:37","date_gmt":"2014-01-12T17:16:37","guid":{"rendered":"http:\/\/skolehaver.com\/?page_id=595"},"modified":"2025-08-11T18:19:43","modified_gmt":"2025-08-11T18:19:43","slug":"kobe-bogen","status":"publish","type":"page","link":"http:\/\/skolehaver.com\/?page_id=595","title":{"rendered":"K\u00f8b bogen"},"content":{"rendered":"<figure id=\"attachment_125\" aria-describedby=\"caption-attachment-125\" style=\"width: 249px\" class=\"wp-caption alignleft\"><a href=\"http:\/\/skolehaver.com\/?attachment_id=125\" rel=\"attachment wp-att-125\"><img loading=\"lazy\" decoding=\"async\" class=\"wp-image-125 size-medium\" src=\"http:\/\/skolehaver.com\/wp-content\/uploads\/2012\/07\/Skolehaver-249x300.jpg\" alt=\"\" width=\"249\" height=\"300\" srcset=\"http:\/\/skolehaver.com\/wp-content\/uploads\/2012\/07\/Skolehaver-249x300.jpg 249w, http:\/\/skolehaver.com\/wp-content\/uploads\/2012\/07\/Skolehaver-852x1024.jpg 852w, http:\/\/skolehaver.com\/wp-content\/uploads\/2012\/07\/Skolehaver.jpg 1077w\" sizes=\"auto, (max-width: 249px) 85vw, 249px\" \/><\/a><figcaption id=\"caption-attachment-125\" class=\"wp-caption-text\">&#8220;Skolehaver i praksis&#8221; &#8211;\u00a0 en bog om haven som l\u00e6ringsrum.<\/figcaption><\/figure>\n<p>Skolehaves\u00e6sonen er p\u00e5 vej. Mangler du inspiration til arbejdet med skolehaven i undervisningen, kan du m\u00e5ske finde den i <em>&#8220;Skolehaver i praksis.&#8221;<\/em><\/p>\n<p>Bogen tager dig med p\u00e5 rundtur til en r\u00e6kke skolehaveprojekter i ind- og udland.\u00a0Gennem reportager og interviews med l\u00e6rere og skoleledere f\u00e5r du indblik i mange forskellige m\u00e5der at bruge haven p\u00e5 som et udend\u00f8rs l\u00e6ringsrum til forskellige fag og tv\u00e6rfaglige forl\u00f8b.<\/p>\n<p><em>&#8220;Skolehaver i praksis&#8221;<\/em> er udsolgt fra forlaget, men der er stadig et lille restoplag i forfatterens bogreol, som nu s\u00e6lges til en favorabel pris.<\/p>\n<p><strong>PRIS:\u00a0<\/strong><\/p>\n<p>100 kr. + porto &#8211;\u00a0 er du interesseret i flere b\u00f8ger er prisen 50 kr. for hvert af de f\u00f8lgende eksemplarer.<\/p>\n<p><strong>Bestilling:<\/strong> Kontakt Ulla Skovsb\u00f8l p\u00e5 skovsbol@hotmail.com<\/p>\n","protected":false},"excerpt":{"rendered":"<p>Skolehaves\u00e6sonen er p\u00e5 vej. Mangler du inspiration til arbejdet med skolehaven i undervisningen, kan du m\u00e5ske finde den i &#8220;Skolehaver i praksis.&#8221; Bogen tager dig med p\u00e5 rundtur til en r\u00e6kke skolehaveprojekter i ind- og udland.\u00a0Gennem reportager og interviews med l\u00e6rere og skoleledere f\u00e5r du indblik i mange forskellige m\u00e5der at bruge haven p\u00e5 som &hellip; <a href=\"http:\/\/skolehaver.com\/?page_id=595\" class=\"more-link\">L\u00e6s videre<span class=\"screen-reader-text\"> &#8220;K\u00f8b bogen&#8221;<\/span><\/a><\/p>\n","protected":false},"author":1,"featured_media":0,"parent":0,"menu_order":6,"comment_status":"open","ping_status":"open","template":"","meta":{"footnotes":""},"class_list":["post-595","page","type-page","status-publish","hentry"],"_links":{"self":[{"href":"http:\/\/skolehaver.com\/index.php?rest_route=\/wp\/v2\/pages\/595","targetHints":{"allow":["GET"]}}],"collection":[{"href":"http:\/\/skolehaver.com\/index.php?rest_route=\/wp\/v2\/pages"}],"about":[{"href":"http:\/\/skolehaver.com\/index.php?rest_route=\/wp\/v2\/types\/page"}],"author":[{"embeddable":true,"href":"http:\/\/skolehaver.com\/index.php?rest_route=\/wp\/v2\/users\/1"}],"replies":[{"embeddable":true,"href":"http:\/\/skolehaver.com\/index.php?rest_route=%2Fwp%2Fv2%2Fcomments&post=595"}],"version-history":[{"count":20,"href":"http:\/\/skolehaver.com\/index.php?rest_route=\/wp\/v2\/pages\/595\/revisions"}],"predecessor-version":[{"id":2873,"href":"http:\/\/skolehaver.com\/index.php?rest_route=\/wp\/v2\/pages\/595\/revisions\/2873"}],"wp:attachment":[{"href":"http:\/\/skolehaver.com\/index.php?rest_route=%2Fwp%2Fv2%2Fmedia&parent=595"}],"curies":[{"name":"wp","href":"https:\/\/api.w.org\/{rel}","templated":true}]}}